{"id":523,"date":"2023-01-15T07:59:42","date_gmt":"2023-01-15T07:59:42","guid":{"rendered":"http:\/\/www.iriseyuboglu.com.tr\/?page_id=523"},"modified":"2026-04-16T21:39:20","modified_gmt":"2026-04-16T21:39:20","slug":"elementor-523","status":"publish","type":"page","link":"https:\/\/www.iriseyuboglu.com.tr\/?page_id=523","title":{"rendered":"IB"},"content":{"rendered":"\t\t<div data-elementor-type=\"wp-page\" data-elementor-id=\"523\" class=\"elementor elementor-523\">\n\t\t\t\t\t\t<section class=\"elementor-section elementor-top-section elementor-element elementor-element-c4f621c elementor-section-boxed elementor-section-height-default elementor-section-height-default\" data-id=\"c4f621c\" data-element_type=\"section\" data-e-type=\"section\">\n\t\t\t\t\t\t<div class=\"elementor-container elementor-column-gap-default\">\n\t\t\t\t\t<div class=\"elementor-column elementor-col-100 elementor-top-column elementor-element elementor-element-773c88c\" data-id=\"773c88c\" data-element_type=\"column\" data-e-type=\"column\">\n\t\t\t<div class=\"elementor-widget-wrap elementor-element-populated\">\n\t\t\t\t\t\t<div class=\"elementor-element elementor-element-bee2942 elementor-widget elementor-widget-text-editor\" data-id=\"bee2942\" data-element_type=\"widget\" data-e-type=\"widget\" data-widget_type=\"text-editor.default\">\n\t\t\t\t<div class=\"elementor-widget-container\">\n\t\t\t\t\t\t\t\t\t<p><img decoding=\"async\" class=\"alignleft\" src=\"https:\/\/upload.wikimedia.org\/wikipedia\/commons\/f\/fd\/IB_LOGO.png\" alt=\"File:IB LOGO.png - Wikimedia Commons\" width=\"164\" height=\"164\" \/><\/p><p>In this section of my website, I would like to talk about my IB-related experiences as a November&#8217;22 graduate.<\/p><p>In order to help other students to complete their assessments, I share all my documents as an example with the grades I received. Any questions are welcome!<\/p>\t\t\t\t\t\t\t\t<\/div>\n\t\t\t\t<\/div>\n\t\t\t\t<div class=\"elementor-element elementor-element-99f5feb elementor-widget elementor-widget-heading\" data-id=\"99f5feb\" data-element_type=\"widget\" data-e-type=\"widget\" data-widget_type=\"heading.default\">\n\t\t\t\t<div class=\"elementor-widget-container\">\n\t\t\t\t\t<h2 class=\"elementor-heading-title elementor-size-default\">Internal Assessment PDFs<\/h2>\t\t\t\t<\/div>\n\t\t\t\t<\/div>\n\t\t\t\t<div class=\"elementor-element elementor-element-b72d57d elementor-widget elementor-widget-text-editor\" data-id=\"b72d57d\" data-element_type=\"widget\" data-e-type=\"widget\" data-widget_type=\"text-editor.default\">\n\t\t\t\t<div class=\"elementor-widget-container\">\n\t\t\t\t\t\t\t\t\t<p><span style=\"background-color: var(--ast-global-color-4); color: var(--ast-global-color-3); font-size: 1rem;\"><strong>\u00a0<\/strong><\/span><span style=\"background-color: var(--ast-global-color-4); color: var(--ast-global-color-3); font-size: 1rem;\"><strong>Biology HL in English 18\/24<\/strong><br \/><\/span><span style=\"text-decoration: underline;\"><a href=\"http:\/\/www.iriseyuboglu.com.tr\/wp-content\/uploads\/2023\/01\/An-Investigation-on-the-Correlation-Between-the-Human-Development-Index-HDI-and-the-Age-Standardized-Mortality-Rate-of-Cervical-Cancer-for-27-Countries-In-Europe.pdf\">An Investigation on the Correlation Between the Human Development Index (HDI) and the (Age-Standardized) Mortality Rate of Cervical Cancer for 27 Countries In Europe<\/a><\/span><\/p><p><span style=\"background-color: var(--ast-global-color-4);\"><b style=\"color: var(--ast-global-color-3); font-style: inherit;\">Mathematics Analysis and Approaches HL in English 14\/20<\/b><b><br \/><\/b><\/span><span style=\"text-decoration: underline;\"><em style=\"font-weight: inherit; background-color: var(--ast-global-color-4); color: var(--ast-global-color-3);\"><a href=\"http:\/\/www.iriseyuboglu.com.tr\/wp-content\/uploads\/2023\/01\/Binomial-Coefficients-and-Prime-Numbers-Legendres-Kummers-and-Lucas-Theorems.pdf\">Binomial Coefficients and Prime Numbers Legendre\u2019s, Kummer\u2019s and Lucas\u2019 Theorems<\/a><\/em><\/span><\/p><p><strong>Chemistry SL in English 19\/24<\/strong><br \/><span style=\"text-decoration: underline;\"><em><a href=\"http:\/\/www.iriseyuboglu.com.tr\/wp-content\/uploads\/2023\/01\/Comparing-Kizilay-Mineral-Water-and-Different-Antacid-Tablets-in-terms-of-the-Amount-of-Acid-Neutralized.pdf\">Comparing K\u0131z\u0131lay Mineral Water and Different Antacid Tablets in terms of the Amount of Acid Neutralized<\/a><\/em><\/span><\/p><p><strong style=\"font-style: inherit; background-color: var(--ast-global-color-4); color: var(--ast-global-color-3);\">Turkey in the Twentieth Century 21\/24<br \/><\/strong><span style=\"text-decoration: underline;\"><em style=\"font-weight: inherit; background-color: var(--ast-global-color-4); color: var(--ast-global-color-3);\"><a style=\"font-style: inherit; font-weight: inherit;\" href=\"http:\/\/www.iriseyuboglu.com.tr\/wp-content\/uploads\/2023\/01\/Milli-Mucadelede-Anadolu-Kadinlari-Mudafaa-i-Vatan-Cemiyeti-bir-kadin.pdf\">Mill\u00ee M\u00fccadele\u2019de Anadolu Kad\u0131nlar\u0131 M\u00fcdafaa-i Vatan Cemiyeti<\/a><\/em><\/span><\/p>\t\t\t\t\t\t\t\t<\/div>\n\t\t\t\t<\/div>\n\t\t\t\t<div class=\"elementor-element elementor-element-aab8f67 elementor-widget elementor-widget-heading\" data-id=\"aab8f67\" data-element_type=\"widget\" data-e-type=\"widget\" data-widget_type=\"heading.default\">\n\t\t\t\t<div class=\"elementor-widget-container\">\n\t\t\t\t\t<h2 class=\"elementor-heading-title elementor-size-default\">Extended Essay<\/h2>\t\t\t\t<\/div>\n\t\t\t\t<\/div>\n\t\t\t\t<div class=\"elementor-element elementor-element-1d44274 elementor-widget elementor-widget-text-editor\" data-id=\"1d44274\" data-element_type=\"widget\" data-e-type=\"widget\" data-widget_type=\"text-editor.default\">\n\t\t\t\t<div class=\"elementor-widget-container\">\n\t\t\t\t\t\t\t\t\t<p><b>Mathematics 28\/34<br \/><\/b><span style=\"text-decoration: underline;\"><em style=\"font-weight: inherit; background-color: var(--ast-global-color-4); color: var(--ast-global-color-3);\"><a href=\"http:\/\/www.iriseyuboglu.com.tr\/wp-content\/uploads\/2023\/01\/An-Investigation-on-IMO1988-Problem-6-and-Its-Extended-Generalized-Form.pdf\">An Investigation on IMO\u20191988 Problem 6 and Its Extended Generalized Form<\/a><\/em><\/span><\/p>\t\t\t\t\t\t\t\t<\/div>\n\t\t\t\t<\/div>\n\t\t\t\t<div class=\"elementor-element elementor-element-6ec1388 elementor-widget elementor-widget-heading\" data-id=\"6ec1388\" data-element_type=\"widget\" data-e-type=\"widget\" data-widget_type=\"heading.default\">\n\t\t\t\t<div class=\"elementor-widget-container\">\n\t\t\t\t\t<h2 class=\"elementor-heading-title elementor-size-default\">TOK<\/h2>\t\t\t\t<\/div>\n\t\t\t\t<\/div>\n\t\t\t\t<section class=\"elementor-section elementor-inner-section elementor-element elementor-element-f33fba5 elementor-section-boxed elementor-section-height-default elementor-section-height-default\" data-id=\"f33fba5\" data-element_type=\"section\" data-e-type=\"section\">\n\t\t\t\t\t\t<div class=\"elementor-container elementor-column-gap-default\">\n\t\t\t\t\t<div class=\"elementor-column elementor-col-50 elementor-inner-column elementor-element elementor-element-67c3268\" data-id=\"67c3268\" data-element_type=\"column\" data-e-type=\"column\">\n\t\t\t<div class=\"elementor-widget-wrap elementor-element-populated\">\n\t\t\t\t\t\t<div class=\"elementor-element elementor-element-5123ce1 elementor-widget elementor-widget-text-editor\" data-id=\"5123ce1\" data-element_type=\"widget\" data-e-type=\"widget\" data-widget_type=\"text-editor.default\">\n\t\t\t\t<div class=\"elementor-widget-container\">\n\t\t\t\t\t\t\t\t\t<p><span style=\"text-decoration: underline;\"><em><a href=\"http:\/\/www.iriseyuboglu.com.tr\/wp-content\/uploads\/2023\/01\/TOK-Exhibition.pdf\">TOK Exhibition PDF<\/a>\u00a0(7\/10)<\/em><\/span><\/p>\t\t\t\t\t\t\t\t<\/div>\n\t\t\t\t<\/div>\n\t\t\t\t\t<\/div>\n\t\t<\/div>\n\t\t\t\t<div class=\"elementor-column elementor-col-50 elementor-inner-column elementor-element elementor-element-b265f62\" data-id=\"b265f62\" data-element_type=\"column\" data-e-type=\"column\">\n\t\t\t<div class=\"elementor-widget-wrap elementor-element-populated\">\n\t\t\t\t\t\t<div class=\"elementor-element elementor-element-86429e0 elementor-widget elementor-widget-text-editor\" data-id=\"86429e0\" data-element_type=\"widget\" data-e-type=\"widget\" data-widget_type=\"text-editor.default\">\n\t\t\t\t<div class=\"elementor-widget-container\">\n\t\t\t\t\t\t\t\t\t<p><span style=\"text-decoration: underline;\"><em><a href=\"http:\/\/www.iriseyuboglu.com.tr\/wp-content\/uploads\/2023\/01\/TOK-Essay.pdf\">TOK Essay PDF<\/a>\u00a0(5\/10)<\/em><\/span><\/p>\t\t\t\t\t\t\t\t<\/div>\n\t\t\t\t<\/div>\n\t\t\t\t\t<\/div>\n\t\t<\/div>\n\t\t\t\t\t<\/div>\n\t\t<\/section>\n\t\t\t\t\t<\/div>\n\t\t<\/div>\n\t\t\t\t\t<\/div>\n\t\t<\/section>\n\t\t\t\t<\/div>\n\t\t","protected":false},"excerpt":{"rendered":"<p>In this section of my website, I would like to talk about my IB-related experiences as a November&#8217;22 graduate. In order to help other students to complete their assessments, I share all my documents as an example with the grades I received. Any questions are welcome! Internal Assessment PDFs \u00a0Biology HL in English 18\/24An Investigation [&hellip;]<\/p>\n","protected":false},"author":1,"featured_media":0,"parent":0,"menu_order":0,"comment_status":"closed","ping_status":"closed","template":"","meta":{"site-sidebar-layout":"no-sidebar","site-content-layout":"page-builder","ast-site-content-layout":"full-width-container","site-content-style":"unboxed","site-sidebar-style":"unboxed","ast-global-header-display":"","ast-banner-title-visibility":"","ast-main-header-display":"","ast-hfb-above-header-display":"","ast-hfb-below-header-display":"","ast-hfb-mobile-header-display":"","site-post-title":"","ast-breadcrumbs-content":"","ast-featured-img":"disabled","footer-sml-layout":"","ast-disable-related-posts":"","theme-transparent-header-meta":"disabled","adv-header-id-meta":"","stick-header-meta":"","header-above-stick-meta":"","header-main-stick-meta":"","header-below-stick-meta":"","astra-migrate-meta-layouts":"set","ast-page-background-enabled":"default","ast-page-background-meta":{"desktop":{"background-color":"","background-image":"","background-repeat":"repeat","background-position":"center center","background-size":"auto","background-attachment":"scroll","background-type":"","background-media":"","overlay-type":"","overlay-color":"","overlay-opacity":"","overlay-gradient":""},"tablet":{"background-color":"","background-image":"","background-repeat":"repeat","background-position":"center center","background-size":"auto","background-attachment":"scroll","background-type":"","background-media":"","overlay-type":"","overlay-color":"","overlay-opacity":"","overlay-gradient":""},"mobile":{"background-color":"","background-image":"","background-repeat":"repeat","background-position":"center center","background-size":"auto","background-attachment":"scroll","background-type":"","background-media":"","overlay-type":"","overlay-color":"","overlay-opacity":"","overlay-gradient":""}},"ast-content-background-meta":{"desktop":{"background-color":"var(--ast-global-color-5)","background-image":"","background-repeat":"repeat","background-position":"center center","background-size":"auto","background-attachment":"scroll","background-type":"","background-media":"","overlay-type":"","overlay-color":"","overlay-opacity":"","overlay-gradient":""},"tablet":{"background-color":"var(--ast-global-color-5)","background-image":"","background-repeat":"repeat","background-position":"center center","background-size":"auto","background-attachment":"scroll","background-type":"","background-media":"","overlay-type":"","overlay-color":"","overlay-opacity":"","overlay-gradient":""},"mobile":{"background-color":"var(--ast-global-color-5)","background-image":"","background-repeat":"repeat","background-position":"center center","background-size":"auto","background-attachment":"scroll","background-type":"","background-media":"","overlay-type":"","overlay-color":"","overlay-opacity":"","overlay-gradient":""}},"footnotes":""},"class_list":["post-523","page","type-page","status-publish","hentry"],"_links":{"self":[{"href":"https:\/\/www.iriseyuboglu.com.tr\/index.php?rest_route=\/wp\/v2\/pages\/523","targetHints":{"allow":["GET"]}}],"collection":[{"href":"https:\/\/www.iriseyuboglu.com.tr\/index.php?rest_route=\/wp\/v2\/pages"}],"about":[{"href":"https:\/\/www.iriseyuboglu.com.tr\/index.php?rest_route=\/wp\/v2\/types\/page"}],"author":[{"embeddable":true,"href":"https:\/\/www.iriseyuboglu.com.tr\/index.php?rest_route=\/wp\/v2\/users\/1"}],"replies":[{"embeddable":true,"href":"https:\/\/www.iriseyuboglu.com.tr\/index.php?rest_route=%2Fwp%2Fv2%2Fcomments&post=523"}],"version-history":[{"count":30,"href":"https:\/\/www.iriseyuboglu.com.tr\/index.php?rest_route=\/wp\/v2\/pages\/523\/revisions"}],"predecessor-version":[{"id":750,"href":"https:\/\/www.iriseyuboglu.com.tr\/index.php?rest_route=\/wp\/v2\/pages\/523\/revisions\/750"}],"wp:attachment":[{"href":"https:\/\/www.iriseyuboglu.com.tr\/index.php?rest_route=%2Fwp%2Fv2%2Fmedia&parent=523"}],"curies":[{"name":"wp","href":"https:\/\/api.w.org\/{rel}","templated":true}]}}